{"id":347,"date":"2017-02-08T17:33:33","date_gmt":"2017-02-08T20:33:33","guid":{"rendered":"http:\/\/blog.evolucaodiaria.com\/?page_id=347"},"modified":"2017-02-08T17:35:52","modified_gmt":"2017-02-08T20:35:52","slug":"desafio-da-evolucao","status":"publish","type":"page","link":"https:\/\/blog.evolucaodiaria.com\/index.php\/desafio-da-evolucao\/","title":{"rendered":"Desafio da Evolu\u00e7\u00e3o"},"content":{"rendered":"<p style=\"text-align: center;\"><a href=\"https:\/\/www.facebook.com\/groups\/806288839491297\/\" target=\"_blank\"><img loading=\"lazy\" class=\"alignnone wp-image-345 size-full\" src=\"http:\/\/blog.evolucaodiaria.com\/wp-content\/uploads\/2017\/02\/desafioevolucao.jpg\" width=\"851\" height=\"315\" srcset=\"https:\/\/blog.evolucaodiaria.com\/wp-content\/uploads\/2017\/02\/desafioevolucao.jpg 851w, https:\/\/blog.evolucaodiaria.com\/wp-content\/uploads\/2017\/02\/desafioevolucao-300x111.jpg 300w, https:\/\/blog.evolucaodiaria.com\/wp-content\/uploads\/2017\/02\/desafioevolucao-768x284.jpg 768w\" sizes=\"(max-width: 851px) 100vw, 851px\" \/><\/a><\/p>\n<p>Estamos aqui para evoluir juntos!<br \/>\nA ideia desse grupo \u00e9 incentiv<span class=\"text_exposed_show\">ar a cria\u00e7\u00e3o de desenhos.<br \/>\nUma das formas de participar \u00e9 REFAZENDO um desenho ANTIGO. E postar a Compara\u00e7\u00e3o.<\/span><\/p>\n<h3><span class=\"text_exposed_show\">Bora evoluir!<\/span><\/h3>\n<h2>IMPORTANTE:<\/h2>\n<p>\u00c9 permitido compartilhar Fanpages e Portf\u00f3lios DESDE que venham juntos com uma ilustra\u00e7\u00e3o do seu desafio e da descri\u00e7\u00e3o principal. SE POSS\u00cdVEL COM AS DATAS.<\/p>\n<p>POST de desenhos que n\u00e3o fazem partde de desafios, auto divulga\u00e7\u00e3o de p\u00e1ginas pessoais ou outros conte\u00fados que n\u00e3o estejam dentro do tema do grupo e n\u00e3o sejam de aux\u00edlio aos demais membros, ser\u00e1 DELETADO sem aviso pr\u00e9vio.<\/p>\n<div class = 'socialMediaOnEveryPost'><div id=\"sgmbShare1-1\" class=\"sgmbShare jssocials-theme-minima sgmbWidget1-1\"><\/div><div class=\"dropdownWrapper dropdownWrapper1 dropdownWrapper-for-widget \" id=\"dropdownWrapper-for-widget\">\r\n\t\t\t\t\t\t<div class=\"dropdownLabel\" id=\"dropdownLabel-share-list\"><span class=\"sgmbButtonListLabel1\">Share List<\/span><\/div>\r\n\t\t\t\t\t\t<div class=\"dropdownPanel dropdownPanel1-1\">\r\n\t\t\t\t\t\t<\/div>\r\n\t\t\t\t\t<\/div><script>  SGMB_URL = \"https:\/\/blog.evolucaodiaria.com\/wp-content\/plugins\/social-media-builder\/\"; jQuery(\".dropdownWrapper\").hide(); SGMB_GOOGLE_ACOUNT = \"\"; <\/script><script type=\"text\/javascript\">\r\n\t\tjQuery(document).ready(function($){var widget = new SGMBWidget();widget.show({\"id\":\"1\",\"title\":\"Midias Sociais\",\"options\":{\"currentUrl\":\"1\",\"url\":\"\",\"shareText\":\"\",\"fontSize\":\"14\",\"betweenButtons\":\"1px\",\"theme\":\"cloud\",\"sgmbButtonsPosition\":\"bottomCenter\",\"socialTheme\":\"minima\",\"icon\":\"cloud\",\"buttonsPanelEffect\":\"shake\",\"buttonsEffect\":\"No Effect\",\"iconsEffect\":\"flip\",\"buttons\":\"{\\\"facebook\\\":{\\\"label\\\":\\\"Share\\\",\\\"icon\\\":\\\"cloud-facebook\\\"},\\\"twitter\\\":{\\\"label\\\":\\\"Tweet\\\",\\\"icon\\\":\\\"cloud-twitter\\\",\\\"via\\\":\\\"\\\",\\\"hashtags\\\":\\\"\\\"},\\\"googleplus\\\":{\\\"label\\\":\\\"+1\\\",\\\"icon\\\":\\\"cloud-googleplus\\\"}}\",\"roundButton\":\"\",\"showLabels\":\"on\",\"showCounts\":\"\",\"showCenter\":\"\",\"showButtonsAsList\":\"\",\"sgmbDropdownColor\":\"\",\"sgmbDropdownLabelFontSize\":\"14\",\"sgmbDropdownLabelColor\":\"\",\"showButtonsOnEveryPost\":\"on\",\"selectedOrExcluded\":\"\",\"showButtonsOnEveryPage\":\"\",\"textOnEveryPost\":\"\",\"showButtonsOnCustomPost\":\"\",\"textOnCustomPost\":\"\",\"showButtonsOnMobileDirect\":\"on\",\"showButtonsOnDesktopDirect\":\"on\",\"sgmbSelectedPages\":[\"\"],\"sgmbExcludedPosts\":[\"\"],\"sgmbSelectedCustomPosts\":[],\"showButtonsInPopup\":\"\",\"titleOfPopup\":\"\",\"descriptionOfPopup\":\"\",\"showPopupOnLoad\":\"\",\"showPopupOnScroll\":\"\",\"showPopupOnExit\":\"\",\"openSecondsOfPopup\":\"\",\"googleAnaliticsAccount\":\"\"},\"buttonOptions\":{\"facebook\":{\"label\":\"Share\",\"icon\":\"cloud-facebook\"},\"twitter\":{\"label\":\"Tweet\",\"icon\":\"cloud-twitter\",\"via\":\"\",\"hashtags\":\"\"},\"googleplus\":{\"label\":\"+1\",\"icon\":\"cloud-googleplus\"}},\"button\":[\"facebook\",\"twitter\",\"googleplus\"]}, 1, '', 'http:\/\/blog.evolucaodiaria.com\/wp-content\/uploads\/2017\/02\/desafioevolucao.jpg', '', 'https:\/\/blog.evolucaodiaria.com\/index.php\/desafio-da-evolucao\/'); });<\/script><\/div><script> jQuery(\".socialMediaOnEveryPost\").addClass(\"sgmb-center\") <\/script>","protected":false},"excerpt":{"rendered":"<p>Estamos aqui para evoluir juntos! A ideia desse grupo \u00e9 incentivar a cria\u00e7\u00e3o de desenhos. Uma das formas de participar \u00e9 REFAZENDO um desenho ANTIGO. E postar a Compara\u00e7\u00e3o. Bora evoluir! IMPORTANTE: \u00c9 permitido compartilhar Fanpages e Portf\u00f3lios DESDE que venham juntos com uma ilustra\u00e7\u00e3o do seu desafio e da descri\u00e7\u00e3o principal. SE POSS\u00cdVEL COM AS DATAS. POST de desenhos que n\u00e3o fazem partde de desafios, auto divulga\u00e7\u00e3o de p\u00e1ginas pessoais ou outros conte\u00fados que n\u00e3o estejam dentro do tema do grupo e n\u00e3o sejam <a href=\"https:\/\/blog.evolucaodiaria.com\/index.php\/desafio-da-evolucao\/\" class=\"more-link\"><span>Continue<\/span>\u2192<\/a><\/p>\n","protected":false},"author":1,"featured_media":0,"parent":0,"menu_order":0,"comment_status":"closed","ping_status":"closed","template":"","meta":[],"_links":{"self":[{"href":"https:\/\/blog.evolucaodiaria.com\/index.php\/wp-json\/wp\/v2\/pages\/347"}],"collection":[{"href":"https:\/\/blog.evolucaodiaria.com\/index.php\/wp-json\/wp\/v2\/pages"}],"about":[{"href":"https:\/\/blog.evolucaodiaria.com\/index.php\/wp-json\/wp\/v2\/types\/page"}],"author":[{"embeddable":true,"href":"https:\/\/blog.evolucaodiaria.com\/index.php\/wp-json\/wp\/v2\/users\/1"}],"replies":[{"embeddable":true,"href":"https:\/\/blog.evolucaodiaria.com\/index.php\/wp-json\/wp\/v2\/comments?post=347"}],"version-history":[{"count":4,"href":"https:\/\/blog.evolucaodiaria.com\/index.php\/wp-json\/wp\/v2\/pages\/347\/revisions"}],"predecessor-version":[{"id":351,"href":"https:\/\/blog.evolucaodiaria.com\/index.php\/wp-json\/wp\/v2\/pages\/347\/revisions\/351"}],"wp:attachment":[{"href":"https:\/\/blog.evolucaodiaria.com\/index.php\/wp-json\/wp\/v2\/media?parent=347"}],"curies":[{"name":"wp","href":"https:\/\/api.w.org\/{rel}","templated":true}]}}